{"id":84,"date":"2022-09-16T18:57:48","date_gmt":"2022-09-16T16:57:48","guid":{"rendered":"https:\/\/es.fundacioepisteme.cat\/congreso\/?page_id=84"},"modified":"2022-11-03T22:18:14","modified_gmt":"2022-11-03T21:18:14","slug":"presentacion","status":"publish","type":"page","link":"https:\/\/es.fundacioepisteme.cat\/congreso\/presentacion\/","title":{"rendered":"Presentaci\u00f3n"},"content":{"rendered":"\t\t<div data-elementor-type=\"wp-page\" data-elementor-id=\"84\" class=\"elementor elementor-84\" data-elementor-post-type=\"page\">\n\t\t\t\t\t\t<section class=\"elementor-section elementor-top-section elementor-element elementor-element-71fbfbc0 elementor-section-stretched elementor-section-height-min-height elementor-section-boxed elementor-section-height-default elementor-section-items-middle\" data-id=\"71fbfbc0\" data-element_type=\"section\" data-e-type=\"section\" data-settings=\"{&quot;stretch_section&quot;:&quot;section-stretched&quot;,&quot;background_background&quot;:&quot;classic&quot;}\">\n\t\t\t\t\t\t<div class=\"elementor-container elementor-column-gap-no\">\n\t\t\t\t\t<div class=\"elementor-column elementor-col-100 elementor-top-column elementor-element elementor-element-2428ac9e\" data-id=\"2428ac9e\" data-element_type=\"column\" data-e-type=\"column\">\n\t\t\t<div class=\"elementor-widget-wrap elementor-element-populated\">\n\t\t\t\t\t\t<div class=\"elementor-element elementor-element-64f41df8 elementor-widget elementor-widget-video\" data-id=\"64f41df8\" data-element_type=\"widget\" data-e-type=\"widget\" data-settings=\"{&quot;video_type&quot;:&quot;hosted&quot;,&quot;autoplay&quot;:&quot;yes&quot;,&quot;play_on_mobile&quot;:&quot;yes&quot;,&quot;loop&quot;:&quot;yes&quot;,&quot;show_image_overlay&quot;:&quot;yes&quot;,&quot;image_overlay&quot;:{&quot;url&quot;:&quot;https:\\\/\\\/es.fundacioepisteme.cat\\\/congreso\\\/wp-content\\\/uploads\\\/2022\\\/09\\\/Miniatura-video-Congreso-ES_17.1.1.jpg&quot;,&quot;id&quot;:1754,&quot;size&quot;:&quot;&quot;,&quot;alt&quot;:&quot;&quot;,&quot;source&quot;:&quot;library&quot;},&quot;controls&quot;:&quot;yes&quot;}\" data-widget_type=\"video.default\">\n\t\t\t\t<div class=\"elementor-widget-container\">\n\t\t\t\t\t\t\t<div class=\"e-hosted-video elementor-wrapper elementor-open-inline\">\n\t\t\t\t\t<video class=\"elementor-video\" src=\"https:\/\/es.fundacioepisteme.cat\/congreso\/wp-content\/uploads\/2022\/09\/Video-Congreso-ES-FINAL.mp4\" autoplay=\"\" loop=\"\" controls=\"\" playsinline=\"\" controlsList=\"nodownload\" poster=\"https:\/\/es.fundacioepisteme.cat\/congreso\/wp-content\/uploads\/2022\/09\/Miniatura-video-Congreso-ES_17.1.1.jpg\"><\/video>\n\t\t\t\t\t\t<div class=\"elementor-custom-embed-image-overlay\" style=\"background-image: url(https:\/\/es.fundacioepisteme.cat\/congreso\/wp-content\/uploads\/2022\/09\/Miniatura-video-Congreso-ES_17.1.1.jpg);\">\n\t\t\t\t\t\t\t\t\t\t\t\t\t\t\t\t<div class=\"elementor-custom-embed-play\" role=\"button\" aria-label=\"Reproducir v\u00eddeo\" tabindex=\"0\">\n\t\t\t\t\t\t\t<i aria-hidden=\"true\" class=\"eicon-play\"><\/i>\t\t\t\t\t\t<\/div>\n\t\t\t\t\t\t\t\t\t<\/div>\n\t\t\t\t\t<\/div>\n\t\t\t\t\t\t<\/div>\n\t\t\t\t<\/div>\n\t\t\t\t\t<\/div>\n\t\t<\/div>\n\t\t\t\t\t<\/div>\n\t\t<\/section>\n\t\t\t\t<section class=\"elementor-section elementor-top-section elementor-element elementor-element-4cf3c3eb elementor-section-content-top elementor-section-stretched elementor-section-boxed elementor-section-height-default elementor-section-height-default\" data-id=\"4cf3c3eb\" data-element_type=\"section\" data-e-type=\"section\" data-settings=\"{&quot;stretch_section&quot;:&quot;section-stretched&quot;,&quot;background_background&quot;:&quot;classic&quot;}\">\n\t\t\t\t\t\t\t<div class=\"elementor-background-overlay\"><\/div>\n\t\t\t\t\t\t\t<div class=\"elementor-container elementor-column-gap-no\">\n\t\t\t\t\t<div class=\"elementor-column elementor-col-50 elementor-top-column elementor-element elementor-element-ea33b62\" data-id=\"ea33b62\" data-element_type=\"column\" data-e-type=\"column\">\n\t\t\t<div class=\"elementor-widget-wrap elementor-element-populated\">\n\t\t\t\t\t\t<div class=\"elementor-element elementor-element-68e8c0f elementor-widget elementor-widget-heading\" data-id=\"68e8c0f\" data-element_type=\"widget\" data-e-type=\"widget\" data-widget_type=\"heading.default\">\n\t\t\t\t<div class=\"elementor-widget-container\">\n\t\t\t\t\t<h1 class=\"elementor-heading-title elementor-size-small\">PRESENTACI\u00d3N<\/h1>\t\t\t\t<\/div>\n\t\t\t\t<\/div>\n\t\t\t\t<div class=\"elementor-element elementor-element-4cc7b12a elementor-widget elementor-widget-text-editor\" data-id=\"4cc7b12a\" data-element_type=\"widget\" data-e-type=\"widget\" data-widget_type=\"text-editor.default\">\n\t\t\t\t<div class=\"elementor-widget-container\">\n\t\t\t\t\t\t\t\t\t<p>Tras el \u00e9xito obtenido en la primera edici\u00f3n del <strong>\u00abCongreso de expertos docentes para un an\u00e1lisis cr\u00edtico de la educaci\u00f3n<\/strong>\u00bb celebrado en Valencia por la Asociaci\u00f3n OCRE, Barcelona acoger\u00e1 el pr\u00f3ximo <strong>s\u00e1bado 26 de noviembre<\/strong> la segunda edici\u00f3n de este congreso educativo, en esta ocasi\u00f3n dedicado a informar y concienciar sobre la urgente necesidad de reclamar una educaci\u00f3n de calidad que contrarreste los efectos nocivos de una ciudadan\u00eda en v\u00edas de mercantilizaci\u00f3n.<\/p><p>Organizado por OCRE y la Fundaci\u00f3n Episteme, el acto titulado \u201c<strong>La necesidad social del conocimiento\u201d<\/strong>, contar\u00e1 con la lecci\u00f3n inaugural del exministro de Educaci\u00f3n de Portugal (2011-2015) <strong>Nuno Crato<\/strong>, quien con su acertada pol\u00edtica educativa elev\u00f3 en <strong>44 puntos el nivel de los alumnos portugueses<\/strong> en las pruebas <strong>PISA.<\/strong> Licenciado en Econom\u00eda por la universidad T\u00e9cnica de Lisboa, Crato es doctor en Matem\u00e1ticas Aplicadas. Ha trabajado para el Instituto Superior de Econom\u00eda, la Universidad de las Azores, el Stevens Institute of Technology y el New Jersey Institute of Technology. Desde el 2000 es profesor en el Instituto Superior de Econom\u00eda y Gesti\u00f3n (ISEG). Fue tambi\u00e9n prorrector de la Universidad de T\u00e9cnica de Lisboa. En 2008, el presidente Cavaco Silva lo nombr\u00f3 comendador de la Orden del Infante Don Enrique.<\/p><p>\u200bEl congreso contar\u00e1 tambi\u00e9n con <strong>quince reconocidos expertos educativos<\/strong> organizados en torno a tres mesas de an\u00e1lisis: \u201cEducaci\u00f3n y Sociedad\u201c, <strong>\u201cDocencia y Sociedad\u201d <\/strong>y<strong> \u201cPropuestas\u201d<\/strong>. El objetivo de este encuentro subraya la necesidad social de reivindicar el conocimiento como el entendimiento, la inteligencia y la raz\u00f3n natural que gu\u00eda a cualquier ser humano en sus facetas individual y colectiva. La defensa del rigor acad\u00e9mico y la exigencia de sus resultados son condiciones necesarias para lograr la igualdad, la capacidad de cr\u00edtica y la libertad de pensamiento.<\/p><p>Este es pues un congreso reivindicativo <strong>abierto a la totalidad de la ciudadan\u00eda<\/strong> que poco a poco y progresivamente sufre las consecuencias de un sistema educativo irresponsable que recorta los beneficios del conocimiento, desprecia la necesaria comprensi\u00f3n realista del contexto y arrincona la herencia ilustrada que permiti\u00f3 un punto de partida igualitario. Esta p\u00e9rdida de derechos condena al ser humano a su sometimiento m\u00e1s triste. Todos somos corresponsables.<\/p>\t\t\t\t\t\t\t\t<\/div>\n\t\t\t\t<\/div>\n\t\t\t\t\t<\/div>\n\t\t<\/div>\n\t\t\t\t<div class=\"elementor-column elementor-col-50 elementor-top-column elementor-element elementor-element-2262e76c\" data-id=\"2262e76c\" data-element_type=\"column\" data-e-type=\"column\">\n\t\t\t<div class=\"elementor-widget-wrap elementor-element-populated\">\n\t\t\t\t\t\t<div class=\"elementor-element elementor-element-327d6853 elementor-widget elementor-widget-html\" data-id=\"327d6853\" data-element_type=\"widget\" data-e-type=\"widget\" data-widget_type=\"html.default\">\n\t\t\t\t<div class=\"elementor-widget-container\">\n\t\t\t\t\t<a class=\"twitter-timeline\" data-width=\"400\" data-height=\"650\" href=\"https:\/\/twitter.com\/FEpisteme?ref_src=twsrc%5Etfw\">Tweets by FEpisteme<\/a> <script async src=\"https:\/\/platform.twitter.com\/widgets.js\" charset=\"utf-8\"><\/script> \t\t\t\t<\/div>\n\t\t\t\t<\/div>\n\t\t\t\t\t<\/div>\n\t\t<\/div>\n\t\t\t\t\t<\/div>\n\t\t<\/section>\n\t\t\t\t<section class=\"elementor-section elementor-top-section elementor-element elementor-element-5969e20b elementor-section-boxed elementor-section-height-default elementor-section-height-default\" data-id=\"5969e20b\" data-element_type=\"section\" data-e-type=\"section\">\n\t\t\t\t\t\t<div class=\"elementor-container elementor-column-gap-default\">\n\t\t\t\t\t<div class=\"elementor-column elementor-col-100 elementor-top-column elementor-element elementor-element-54652e8a\" data-id=\"54652e8a\" data-element_type=\"column\" data-e-type=\"column\">\n\t\t\t<div class=\"elementor-widget-wrap elementor-element-populated\">\n\t\t\t\t\t\t<div class=\"elementor-element elementor-element-d25abf elementor-share-buttons--view-icon elementor-share-buttons--shape-circle elementor-share-buttons--skin-gradient elementor-grid-0 elementor-share-buttons--color-official elementor-widget elementor-widget-share-buttons\" data-id=\"d25abf\" data-element_type=\"widget\" data-e-type=\"widget\" data-widget_type=\"share-buttons.default\">\n\t\t\t\t<div class=\"elementor-widget-container\">\n\t\t\t\t\t\t\t<div class=\"elementor-grid\" role=\"list\">\n\t\t\t\t\t\t\t\t<div class=\"elementor-grid-item\" role=\"listitem\">\n\t\t\t\t\t\t<div class=\"elementor-share-btn elementor-share-btn_facebook\" role=\"button\" tabindex=\"0\" aria-label=\"Compartir en facebook\">\n\t\t\t\t\t\t\t\t\t\t\t\t\t\t\t<span class=\"elementor-share-btn__icon\">\n\t\t\t\t\t\t\t\t<i class=\"fab fa-facebook\" aria-hidden=\"true\"><\/i>\t\t\t\t\t\t\t<\/span>\n\t\t\t\t\t\t\t\t\t\t\t\t\t\t\t\t\t\t\t\t<\/div>\n\t\t\t\t\t<\/div>\n\t\t\t\t\t\t\t\t\t<div class=\"elementor-grid-item\" role=\"listitem\">\n\t\t\t\t\t\t<div class=\"elementor-share-btn elementor-share-btn_twitter\" role=\"button\" tabindex=\"0\" aria-label=\"Compartir en twitter\">\n\t\t\t\t\t\t\t\t\t\t\t\t\t\t\t<span class=\"elementor-share-btn__icon\">\n\t\t\t\t\t\t\t\t<i class=\"fab fa-twitter\" aria-hidden=\"true\"><\/i>\t\t\t\t\t\t\t<\/span>\n\t\t\t\t\t\t\t\t\t\t\t\t\t\t\t\t\t\t\t\t<\/div>\n\t\t\t\t\t<\/div>\n\t\t\t\t\t\t<\/div>\n\t\t\t\t\t\t<\/div>\n\t\t\t\t<\/div>\n\t\t\t\t\t<\/div>\n\t\t<\/div>\n\t\t\t\t\t<\/div>\n\t\t<\/section>\n\t\t\t\t<\/div>\n\t\t","protected":false},"excerpt":{"rendered":"<p>https:\/\/es.fundacioepisteme.cat\/congreso\/wp-content\/uploads\/2022\/09\/Video-Congreso-ES-FINAL.mp4 PRESENTACI\u00d3N Tras el \u00e9xito obtenido en la primera edici\u00f3n del \u00abCongreso de expertos docentes para un an\u00e1lisis cr\u00edtico de la educaci\u00f3n\u00bb celebrado en Valencia por la Asociaci\u00f3n OCRE, Barcelona acoger\u00e1 el pr\u00f3ximo s\u00e1bado 26 de noviembre la segunda edici\u00f3n de este congreso educativo, en esta ocasi\u00f3n dedicado a informar y concienciar sobre la urgente [&hellip;]<\/p>\n","protected":false},"author":1,"featured_media":0,"parent":0,"menu_order":0,"comment_status":"open","ping_status":"closed","template":"","meta":{"ocean_post_layout":"","ocean_both_sidebars_style":"","ocean_both_sidebars_content_width":0,"ocean_both_sidebars_sidebars_width":0,"ocean_sidebar":"0","ocean_second_sidebar":"0","ocean_disable_margins":"enable","ocean_add_body_class":"","ocean_shortcode_before_top_bar":"","ocean_shortcode_after_top_bar":"","ocean_shortcode_before_header":"","ocean_shortcode_after_header":"","ocean_has_shortcode":"","ocean_shortcode_after_title":"","ocean_shortcode_before_footer_widgets":"","ocean_shortcode_after_footer_widgets":"","ocean_shortcode_before_footer_bottom":"","ocean_shortcode_after_footer_bottom":"","ocean_display_top_bar":"default","ocean_display_header":"default","ocean_header_style":"","ocean_center_header_left_menu":"0","ocean_custom_header_template":"0","ocean_custom_logo":0,"ocean_custom_retina_logo":0,"ocean_custom_logo_max_width":0,"ocean_custom_logo_tablet_max_width":0,"ocean_custom_logo_mobile_max_width":0,"ocean_custom_logo_max_height":0,"ocean_custom_logo_tablet_max_height":0,"ocean_custom_logo_mobile_max_height":0,"ocean_header_custom_menu":"0","ocean_menu_typo_font_family":"0","ocean_menu_typo_font_subset":"","ocean_menu_typo_font_size":0,"ocean_menu_typo_font_size_tablet":0,"ocean_menu_typo_font_size_mobile":0,"ocean_menu_typo_font_size_unit":"px","ocean_menu_typo_font_weight":"","ocean_menu_typo_font_weight_tablet":"","ocean_menu_typo_font_weight_mobile":"","ocean_menu_typo_transform":"","ocean_menu_typo_transform_tablet":"","ocean_menu_typo_transform_mobile":"","ocean_menu_typo_line_height":0,"ocean_menu_typo_line_height_tablet":0,"ocean_menu_typo_line_height_mobile":0,"ocean_menu_typo_line_height_unit":"","ocean_menu_typo_spacing":0,"ocean_menu_typo_spacing_tablet":0,"ocean_menu_typo_spacing_mobile":0,"ocean_menu_typo_spacing_unit":"","ocean_menu_link_color":"","ocean_menu_link_color_hover":"","ocean_menu_link_color_active":"","ocean_menu_link_background":"","ocean_menu_link_hover_background":"","ocean_menu_link_active_background":"","ocean_menu_social_links_bg":"","ocean_menu_social_hover_links_bg":"","ocean_menu_social_links_color":"","ocean_menu_social_hover_links_color":"","ocean_disable_title":"on","ocean_disable_heading":"default","ocean_post_title":"","ocean_post_subheading":"","ocean_post_title_style":"","ocean_post_title_background_color":"","ocean_post_title_background":0,"ocean_post_title_bg_image_position":"","ocean_post_title_bg_image_attachment":"","ocean_post_title_bg_image_repeat":"","ocean_post_title_bg_image_size":"","ocean_post_title_height":0,"ocean_post_title_bg_overlay":0.5,"ocean_post_title_bg_overlay_color":"","ocean_disable_breadcrumbs":"default","ocean_breadcrumbs_color":"","ocean_breadcrumbs_separator_color":"","ocean_breadcrumbs_links_color":"","ocean_breadcrumbs_links_hover_color":"","ocean_display_footer_widgets":"off","ocean_display_footer_bottom":"off","ocean_custom_footer_template":"0","footnotes":""},"class_list":["post-84","page","type-page","status-publish","hentry","entry","owp-thumbs-layout-horizontal","owp-btn-normal","owp-tabs-layout-horizontal","has-no-thumbnails","has-product-nav"],"_links":{"self":[{"href":"https:\/\/es.fundacioepisteme.cat\/congreso\/wp-json\/wp\/v2\/pages\/84","targetHints":{"allow":["GET"]}}],"collection":[{"href":"https:\/\/es.fundacioepisteme.cat\/congreso\/wp-json\/wp\/v2\/pages"}],"about":[{"href":"https:\/\/es.fundacioepisteme.cat\/congreso\/wp-json\/wp\/v2\/types\/page"}],"author":[{"embeddable":true,"href":"https:\/\/es.fundacioepisteme.cat\/congreso\/wp-json\/wp\/v2\/users\/1"}],"replies":[{"embeddable":true,"href":"https:\/\/es.fundacioepisteme.cat\/congreso\/wp-json\/wp\/v2\/comments?post=84"}],"version-history":[{"count":52,"href":"https:\/\/es.fundacioepisteme.cat\/congreso\/wp-json\/wp\/v2\/pages\/84\/revisions"}],"predecessor-version":[{"id":2034,"href":"https:\/\/es.fundacioepisteme.cat\/congreso\/wp-json\/wp\/v2\/pages\/84\/revisions\/2034"}],"wp:attachment":[{"href":"https:\/\/es.fundacioepisteme.cat\/congreso\/wp-json\/wp\/v2\/media?parent=84"}],"curies":[{"name":"wp","href":"https:\/\/api.w.org\/{rel}","templated":true}]}}