{"id":89,"date":"2022-09-16T19:12:34","date_gmt":"2022-09-16T17:12:34","guid":{"rendered":"https:\/\/es.fundacioepisteme.cat\/congreso\/?page_id=89"},"modified":"2022-11-03T22:18:20","modified_gmt":"2022-11-03T21:18:20","slug":"programa","status":"publish","type":"page","link":"https:\/\/es.fundacioepisteme.cat\/congreso\/programa\/","title":{"rendered":"Programa"},"content":{"rendered":"\t\t<div data-elementor-type=\"wp-page\" data-elementor-id=\"89\" class=\"elementor elementor-89\" data-elementor-post-type=\"page\">\n\t\t\t\t\t\t<section class=\"elementor-section elementor-top-section elementor-element elementor-element-7afb5644 elementor-section-stretched elementor-section-height-min-height elementor-section-boxed elementor-section-height-default elementor-section-items-middle\" data-id=\"7afb5644\" data-element_type=\"section\" data-e-type=\"section\" data-settings=\"{&quot;stretch_section&quot;:&quot;section-stretched&quot;,&quot;background_background&quot;:&quot;classic&quot;}\">\n\t\t\t\t\t\t<div class=\"elementor-container elementor-column-gap-no\">\n\t\t\t\t\t<div class=\"elementor-column elementor-col-100 elementor-top-column elementor-element elementor-element-2acc1769\" data-id=\"2acc1769\" data-element_type=\"column\" data-e-type=\"column\">\n\t\t\t<div class=\"elementor-widget-wrap elementor-element-populated\">\n\t\t\t\t\t\t<div class=\"elementor-element elementor-element-6560ae34 elementor-widget elementor-widget-video\" data-id=\"6560ae34\" data-element_type=\"widget\" data-e-type=\"widget\" data-settings=\"{&quot;video_type&quot;:&quot;hosted&quot;,&quot;autoplay&quot;:&quot;yes&quot;,&quot;play_on_mobile&quot;:&quot;yes&quot;,&quot;loop&quot;:&quot;yes&quot;,&quot;show_image_overlay&quot;:&quot;yes&quot;,&quot;image_overlay&quot;:{&quot;url&quot;:&quot;https:\\\/\\\/es.fundacioepisteme.cat\\\/congreso\\\/wp-content\\\/uploads\\\/2022\\\/09\\\/Miniatura-video-Congreso-ES_17.1.1.jpg&quot;,&quot;id&quot;:1754,&quot;size&quot;:&quot;&quot;,&quot;alt&quot;:&quot;&quot;,&quot;source&quot;:&quot;library&quot;},&quot;controls&quot;:&quot;yes&quot;}\" data-widget_type=\"video.default\">\n\t\t\t\t<div class=\"elementor-widget-container\">\n\t\t\t\t\t\t\t<div class=\"e-hosted-video elementor-wrapper elementor-open-inline\">\n\t\t\t\t\t<video class=\"elementor-video\" src=\"https:\/\/es.fundacioepisteme.cat\/congreso\/wp-content\/uploads\/2022\/09\/Video-Congreso-ES-FINAL.mp4\" autoplay=\"\" loop=\"\" controls=\"\" playsinline=\"\" controlsList=\"nodownload\" poster=\"https:\/\/es.fundacioepisteme.cat\/congreso\/wp-content\/uploads\/2022\/09\/Miniatura-video-Congreso-ES_17.1.1.jpg\"><\/video>\n\t\t\t\t\t\t<div class=\"elementor-custom-embed-image-overlay\" style=\"background-image: url(https:\/\/es.fundacioepisteme.cat\/congreso\/wp-content\/uploads\/2022\/09\/Miniatura-video-Congreso-ES_17.1.1.jpg);\">\n\t\t\t\t\t\t\t\t\t\t\t\t\t\t\t\t<div class=\"elementor-custom-embed-play\" role=\"button\" aria-label=\"Reproducir v\u00eddeo\" tabindex=\"0\">\n\t\t\t\t\t\t\t<i aria-hidden=\"true\" class=\"eicon-play\"><\/i>\t\t\t\t\t\t<\/div>\n\t\t\t\t\t\t\t\t\t<\/div>\n\t\t\t\t\t<\/div>\n\t\t\t\t\t\t<\/div>\n\t\t\t\t<\/div>\n\t\t\t\t\t<\/div>\n\t\t<\/div>\n\t\t\t\t\t<\/div>\n\t\t<\/section>\n\t\t\t\t<section class=\"elementor-section elementor-top-section elementor-element elementor-element-3e2efd7c elementor-section-content-top elementor-section-stretched elementor-section-boxed elementor-section-height-default elementor-section-height-default\" data-id=\"3e2efd7c\" data-element_type=\"section\" data-e-type=\"section\" data-settings=\"{&quot;stretch_section&quot;:&quot;section-stretched&quot;,&quot;background_background&quot;:&quot;classic&quot;}\">\n\t\t\t\t\t\t\t<div class=\"elementor-background-overlay\"><\/div>\n\t\t\t\t\t\t\t<div class=\"elementor-container elementor-column-gap-no\">\n\t\t\t\t\t<div class=\"elementor-column elementor-col-50 elementor-top-column elementor-element elementor-element-507f9c0e\" data-id=\"507f9c0e\" data-element_type=\"column\" data-e-type=\"column\">\n\t\t\t<div class=\"elementor-widget-wrap elementor-element-populated\">\n\t\t\t\t\t\t<div class=\"elementor-element elementor-element-6551b548 elementor-widget elementor-widget-heading\" data-id=\"6551b548\" data-element_type=\"widget\" data-e-type=\"widget\" data-widget_type=\"heading.default\">\n\t\t\t\t<div class=\"elementor-widget-container\">\n\t\t\t\t\t<h1 class=\"elementor-heading-title elementor-size-small\">PROGRAMA<\/h1>\t\t\t\t<\/div>\n\t\t\t\t<\/div>\n\t\t\t\t<div class=\"elementor-element elementor-element-5aa06b96 elementor-widget elementor-widget-text-editor\" data-id=\"5aa06b96\" data-element_type=\"widget\" data-e-type=\"widget\" data-widget_type=\"text-editor.default\">\n\t\t\t\t<div class=\"elementor-widget-container\">\n\t\t\t\t\t\t\t\t\t<p><strong>09:00 h.\u00a0 \u00a0 \u00a0\u00a0<\/strong>Recepci\u00f3n asistentes. Acreditaciones.<\/p><p><strong>09:30 h.\u00a0 \u00a0 \u00a0\u00a0<\/strong>Bienvenida y presentaci\u00f3n:\u00a0<strong>Eva Serra<\/strong>. Directora ejecutiva de la Fundaci\u00f3n Episteme.<\/p><p><strong>09:40 h.\u00a0 \u00a0 \u00a0 Irene Murcia<\/strong>. Presidenta del Observatorio Cr\u00edtico de la Realidad Educativa (OCRE).<\/p><p><strong>09:50 h.\u00a0 \u00a0 \u00a0 \u00a0Felipe de Vicente<\/strong>. Vicepresidente de la Fundaci\u00f3n Episteme y miembro del Consejo Escolar del Estado.<\/p><p><strong>10:00 h.\u00a0 \u00a0 \u00a0 \u00a0Nuno Crato<\/strong>. Ministro de Educaci\u00f3n de Portugal (2011 \u2013 2015). Lecci\u00f3n inaugural.<\/p><p><strong>11:00 h.<\/strong>\u00a0 \u00a0 \u00a0 \u00a0Turno de preguntas asistentes.<\/p><p><strong>11:30 h.<\/strong>\u00a0 \u00a0 \u00a0 \u00a0 Pausa caf\u00e9.<\/p><p>\u00a0<\/p><p><strong>11:55 h.<\/strong>\u00a0 \u00a0 \u00a0 \u00a0 \u00a0<strong>\u00a0PRIMERA MESA REDONDA \u201cEducaci\u00f3n y Sociedad\u201d<\/strong><\/p><p>\u00a0\u00a0\u00a0\u00a0\u00a0\u00a0\u00a0\u00a0\u00a0\u00a0\u00a0\u00a0\u00a0\u00a0\u00a0\u00a0\u00a0\u00a0\u00a0\u00a0\u00a0\u00a0\u00a0\u00a0\u00a0<em>Modera: Josep Ot\u00f3n<\/em><\/p><p><strong>12:00 h.\u00a0<\/strong>\u00a0\u00a0 \u00a0 \u00a0 \u00a0\u00a0<strong>Xavier Mass\u00f3<\/strong><\/p><p><strong>12:15 h.\u00a0 \u00a0 \u00a0 \u00a0 \u00a0 Ricardo Moreno Castillo\u00a0<\/strong><\/p><p><strong>12:30 h.\u00a0 \u00a0 \u00a0 \u00a0 \u00a0 Jorge S\u00e1nchez<\/strong>\u00a0<\/p><p><strong>12:45 h.\u00a0 \u00a0 \u00a0 \u00a0 \u00a0 Olga Garc\u00eda<\/strong>\u00a0<\/p><p><strong>13:00 h.\u00a0 \u00a0 \u00a0 \u00a0 \u00a0 Enrique Galindo\u00a0<\/strong><\/p><p><strong>13:15 h\u00a0\u00a0<\/strong>\u00a0 \u00a0 \u00a0 \u00a0 \u00a0Turno de preguntas asistentes.<\/p><p><strong>13:45 h\u00a0\u00a0<\/strong>\u00a0 \u00a0 \u00a0 \u00a0 \u00a0Pausa comida.<\/p><p>\u00a0<\/p><p><strong>15:55 h\u00a0<\/strong>\u00a0 \u00a0 \u00a0 \u00a0 \u00a0<strong>SEGUNDA MESA REDONDA \u201cDocencia y Sociedad\u201d<\/strong><\/p><p>\u00a0\u00a0\u00a0\u00a0\u00a0\u00a0\u00a0\u00a0\u00a0\u00a0\u00a0\u00a0\u00a0\u00a0\u00a0\u00a0\u00a0\u00a0\u00a0\u00a0\u00a0\u00a0\u00a0\u00a0<em>Modera: David Rabad\u00e0<\/em><\/p><p><strong>16:00 h.<\/strong>\u00a0 \u00a0 \u00a0 \u00a0 \u00a0<strong>Andreu Navarra<\/strong>\u00a0<\/p><p><strong>16:15 h.\u00a0 \u00a0 \u00a0 \u00a0 \u00a0<\/strong><strong>Ferran Gallego<\/strong>\u00a0\u00a0 \u00a0 \u00a0 \u00a0 \u00a0 \u00a0 \u00a0 \u00a0 \u00a0 \u00a0 \u00a0 \u00a0 \u00a0 \u00a0 \u00a0 \u00a0 \u00a0 \u00a0 \u00a0 \u00a0 \u00a0 \u00a0 \u00a0\u00a0<\/p><p><strong>16:30 h.\u00a0 \u00a0 \u00a0 \u00a0 \u00a0Mar\u00eda Elizalde\u00a0<\/strong><\/p><p><strong>16:45 h.\u00a0 \u00a0 \u00a0 \u00a0 \u00a0Jacob Guinot<\/strong>\u00a0<\/p><p><strong>17:00 h.\u00a0 \u00a0 \u00a0 \u00a0 \u00a0Carlos Fern\u00e1ndez Liria\u00a0<\/strong><\/p><p><strong>17:15 h\u00a0\u00a0<\/strong>\u00a0 \u00a0 \u00a0 \u00a0 \u00a0Turno de preguntas asistentes.<\/p><p><strong>17:45 h\u00a0\u00a0<\/strong>\u00a0 \u00a0 \u00a0 \u00a0 \u00a0Pausa caf\u00e8.<\/p><p><strong>\u00a0<\/strong><\/p><p><strong>17:55 h<\/strong>\u00a0\u00a0\u00a0\u00a0\u00a0\u00a0\u00a0\u00a0\u00a0\u00a0\u00a0\u00a0\u00a0<strong>TERCERA MESA REDONDA \u201cPropuestas\u201d<\/strong><\/p><p>\u00a0\u00a0\u00a0\u00a0\u00a0\u00a0\u00a0\u00a0\u00a0\u00a0\u00a0\u00a0\u00a0\u00a0\u00a0\u00a0\u00a0\u00a0\u00a0\u00a0\u00a0\u00a0\u00a0\u00a0\u00a0\u00a0\u00a0<em>Modera: Eva Serra<\/em><\/p><p><strong>18:00 h.\u00a0\u00a0 \u00a0 \u00a0 \u00a0 \u00a0 Josep Oton\u00a0<\/strong><\/p><p><strong>18:15 h.\u00a0<\/strong>\u00a0\u00a0 \u00a0 \u00a0 \u00a0 \u00a0\u00a0<strong>Irene Murcia\u00a0<\/strong><\/p><p><strong>18:30 h.\u00a0<\/strong>\u00a0 \u00a0 \u00a0 \u00a0 \u00a0 \u00a0<strong>Pascual Gil\u00a0\u00a0<\/strong><\/p><p><strong>18:45 h.\u00a0<\/strong>\u00a0 \u00a0 \u00a0 \u00a0 \u00a0 \u00a0<strong>Pepe Sabater\u00a0\u00a0<\/strong><\/p><p><strong>19:00 h.<\/strong>\u00a0 \u00a0 \u00a0 \u00a0 \u00a0 \u00a0\u00a0<strong>JoanRa Pla<\/strong>\u00a0\u00a0<\/p><p><strong>19:15 h<\/strong>\u00a0 \u00a0 \u00a0 \u00a0 \u00a0 \u00a0 \u00a0Turno de preguntas asistentes.<\/p><p><strong>19:45 h<\/strong>\u00a0 \u00a0 \u00a0 \u00a0 \u00a0 \u00a0 \u00a0Conclusiones a cargo de\u00a0<strong>Xavier Mass\u00f3<\/strong><\/p><p><strong>20:00 h<\/strong>\u00a0 \u00a0 \u00a0 \u00a0 \u00a0 \u00a0 \u00a0Fin del acto.<\/p>\t\t\t\t\t\t\t\t<\/div>\n\t\t\t\t<\/div>\n\t\t\t\t\t<\/div>\n\t\t<\/div>\n\t\t\t\t<div class=\"elementor-column elementor-col-50 elementor-top-column elementor-element elementor-element-462685a9\" data-id=\"462685a9\" data-element_type=\"column\" data-e-type=\"column\">\n\t\t\t<div class=\"elementor-widget-wrap elementor-element-populated\">\n\t\t\t\t\t\t<div class=\"elementor-element elementor-element-37ae15df elementor-widget elementor-widget-html\" data-id=\"37ae15df\" data-element_type=\"widget\" data-e-type=\"widget\" data-widget_type=\"html.default\">\n\t\t\t\t<div class=\"elementor-widget-container\">\n\t\t\t\t\t<a class=\"twitter-timeline\" data-width=\"400\" data-height=\"1800\" href=\"https:\/\/twitter.com\/FEpisteme?ref_src=twsrc%5Etfw\">Tweets by FEpisteme<\/a> <script async src=\"https:\/\/platform.twitter.com\/widgets.js\" charset=\"utf-8\"><\/script> \t\t\t\t<\/div>\n\t\t\t\t<\/div>\n\t\t\t\t\t<\/div>\n\t\t<\/div>\n\t\t\t\t\t<\/div>\n\t\t<\/section>\n\t\t\t\t<section class=\"elementor-section elementor-top-section elementor-element elementor-element-fe749b1 elementor-section-boxed elementor-section-height-default elementor-section-height-default\" data-id=\"fe749b1\" data-element_type=\"section\" data-e-type=\"section\">\n\t\t\t\t\t\t<div class=\"elementor-container elementor-column-gap-default\">\n\t\t\t\t\t<div class=\"elementor-column elementor-col-100 elementor-top-column elementor-element elementor-element-2c9ba89a\" data-id=\"2c9ba89a\" data-element_type=\"column\" data-e-type=\"column\">\n\t\t\t<div class=\"elementor-widget-wrap elementor-element-populated\">\n\t\t\t\t\t\t<div class=\"elementor-element elementor-element-56950484 elementor-share-buttons--view-icon elementor-share-buttons--shape-circle elementor-share-buttons--skin-gradient elementor-grid-0 elementor-share-buttons--color-official elementor-widget elementor-widget-share-buttons\" data-id=\"56950484\" data-element_type=\"widget\" data-e-type=\"widget\" data-widget_type=\"share-buttons.default\">\n\t\t\t\t<div class=\"elementor-widget-container\">\n\t\t\t\t\t\t\t<div class=\"elementor-grid\" role=\"list\">\n\t\t\t\t\t\t\t\t<div class=\"elementor-grid-item\" role=\"listitem\">\n\t\t\t\t\t\t<div class=\"elementor-share-btn elementor-share-btn_facebook\" role=\"button\" tabindex=\"0\" aria-label=\"Compartir en facebook\">\n\t\t\t\t\t\t\t\t\t\t\t\t\t\t\t<span class=\"elementor-share-btn__icon\">\n\t\t\t\t\t\t\t\t<i class=\"fab fa-facebook\" aria-hidden=\"true\"><\/i>\t\t\t\t\t\t\t<\/span>\n\t\t\t\t\t\t\t\t\t\t\t\t\t\t\t\t\t\t\t\t<\/div>\n\t\t\t\t\t<\/div>\n\t\t\t\t\t\t\t\t\t<div class=\"elementor-grid-item\" role=\"listitem\">\n\t\t\t\t\t\t<div class=\"elementor-share-btn elementor-share-btn_twitter\" role=\"button\" tabindex=\"0\" aria-label=\"Compartir en twitter\">\n\t\t\t\t\t\t\t\t\t\t\t\t\t\t\t<span class=\"elementor-share-btn__icon\">\n\t\t\t\t\t\t\t\t<i class=\"fab fa-twitter\" aria-hidden=\"true\"><\/i>\t\t\t\t\t\t\t<\/span>\n\t\t\t\t\t\t\t\t\t\t\t\t\t\t\t\t\t\t\t\t<\/div>\n\t\t\t\t\t<\/div>\n\t\t\t\t\t\t<\/div>\n\t\t\t\t\t\t<\/div>\n\t\t\t\t<\/div>\n\t\t\t\t\t<\/div>\n\t\t<\/div>\n\t\t\t\t\t<\/div>\n\t\t<\/section>\n\t\t\t\t<section class=\"elementor-section elementor-top-section elementor-element elementor-element-4eb45cd3 elementor-section-boxed elementor-section-height-default elementor-section-height-default\" data-id=\"4eb45cd3\" data-element_type=\"section\" data-e-type=\"section\">\n\t\t\t\t\t\t<div class=\"elementor-container elementor-column-gap-default\">\n\t\t\t\t\t<div class=\"elementor-column elementor-col-100 elementor-top-column elementor-element elementor-element-5703151\" data-id=\"5703151\" data-element_type=\"column\" data-e-type=\"column\">\n\t\t\t<div class=\"elementor-widget-wrap elementor-element-populated\">\n\t\t\t\t\t\t<div class=\"elementor-element elementor-element-2b522e27 elementor-widget elementor-widget-spacer\" data-id=\"2b522e27\" data-element_type=\"widget\" data-e-type=\"widget\" data-widget_type=\"spacer.default\">\n\t\t\t\t<div class=\"elementor-widget-container\">\n\t\t\t\t\t\t\t<div class=\"elementor-spacer\">\n\t\t\t<div class=\"elementor-spacer-inner\"><\/div>\n\t\t<\/div>\n\t\t\t\t\t\t<\/div>\n\t\t\t\t<\/div>\n\t\t\t\t\t<\/div>\n\t\t<\/div>\n\t\t\t\t\t<\/div>\n\t\t<\/section>\n\t\t\t\t<\/div>\n\t\t","protected":false},"excerpt":{"rendered":"<p>https:\/\/es.fundacioepisteme.cat\/congreso\/wp-content\/uploads\/2022\/09\/Video-Congreso-ES-FINAL.mp4 PROGRAMA 09:00 h.&nbsp; &nbsp; &nbsp;&nbsp;Recepci\u00f3n asistentes. Acreditaciones. 09:30 h.&nbsp; &nbsp; &nbsp;&nbsp;Bienvenida y presentaci\u00f3n:&nbsp;Eva Serra. Directora ejecutiva de la Fundaci\u00f3n Episteme. 09:40 h.&nbsp; &nbsp; &nbsp; Irene Murcia. Presidenta del Observatorio Cr\u00edtico de la Realidad Educativa (OCRE). 09:50 h.&nbsp; &nbsp; &nbsp; &nbsp;Felipe de Vicente. Vicepresidente de la Fundaci\u00f3n Episteme y miembro del Consejo Escolar del Estado. [&hellip;]<\/p>\n","protected":false},"author":1,"featured_media":0,"parent":0,"menu_order":0,"comment_status":"closed","ping_status":"closed","template":"","meta":{"ocean_post_layout":"","ocean_both_sidebars_style":"","ocean_both_sidebars_content_width":0,"ocean_both_sidebars_sidebars_width":0,"ocean_sidebar":"0","ocean_second_sidebar":"0","ocean_disable_margins":"enable","ocean_add_body_class":"","ocean_shortcode_before_top_bar":"","ocean_shortcode_after_top_bar":"","ocean_shortcode_before_header":"","ocean_shortcode_after_header":"","ocean_has_shortcode":"","ocean_shortcode_after_title":"","ocean_shortcode_before_footer_widgets":"","ocean_shortcode_after_footer_widgets":"","ocean_shortcode_before_footer_bottom":"","ocean_shortcode_after_footer_bottom":"","ocean_display_top_bar":"default","ocean_display_header":"default","ocean_header_style":"","ocean_center_header_left_menu":"0","ocean_custom_header_template":"0","ocean_custom_logo":0,"ocean_custom_retina_logo":0,"ocean_custom_logo_max_width":0,"ocean_custom_logo_tablet_max_width":0,"ocean_custom_logo_mobile_max_width":0,"ocean_custom_logo_max_height":0,"ocean_custom_logo_tablet_max_height":0,"ocean_custom_logo_mobile_max_height":0,"ocean_header_custom_menu":"0","ocean_menu_typo_font_family":"0","ocean_menu_typo_font_subset":"","ocean_menu_typo_font_size":0,"ocean_menu_typo_font_size_tablet":0,"ocean_menu_typo_font_size_mobile":0,"ocean_menu_typo_font_size_unit":"px","ocean_menu_typo_font_weight":"","ocean_menu_typo_font_weight_tablet":"","ocean_menu_typo_font_weight_mobile":"","ocean_menu_typo_transform":"","ocean_menu_typo_transform_tablet":"","ocean_menu_typo_transform_mobile":"","ocean_menu_typo_line_height":0,"ocean_menu_typo_line_height_tablet":0,"ocean_menu_typo_line_height_mobile":0,"ocean_menu_typo_line_height_unit":"","ocean_menu_typo_spacing":0,"ocean_menu_typo_spacing_tablet":0,"ocean_menu_typo_spacing_mobile":0,"ocean_menu_typo_spacing_unit":"","ocean_menu_link_color":"","ocean_menu_link_color_hover":"","ocean_menu_link_color_active":"","ocean_menu_link_background":"","ocean_menu_link_hover_background":"","ocean_menu_link_active_background":"","ocean_menu_social_links_bg":"","ocean_menu_social_hover_links_bg":"","ocean_menu_social_links_color":"","ocean_menu_social_hover_links_color":"","ocean_disable_title":"on","ocean_disable_heading":"default","ocean_post_title":"","ocean_post_subheading":"","ocean_post_title_style":"","ocean_post_title_background_color":"","ocean_post_title_background":0,"ocean_post_title_bg_image_position":"","ocean_post_title_bg_image_attachment":"","ocean_post_title_bg_image_repeat":"","ocean_post_title_bg_image_size":"","ocean_post_title_height":0,"ocean_post_title_bg_overlay":0.5,"ocean_post_title_bg_overlay_color":"","ocean_disable_breadcrumbs":"default","ocean_breadcrumbs_color":"","ocean_breadcrumbs_separator_color":"","ocean_breadcrumbs_links_color":"","ocean_breadcrumbs_links_hover_color":"","ocean_display_footer_widgets":"off","ocean_display_footer_bottom":"off","ocean_custom_footer_template":"0","footnotes":""},"class_list":["post-89","page","type-page","status-publish","hentry","entry","owp-thumbs-layout-horizontal","owp-btn-normal","owp-tabs-layout-horizontal","has-no-thumbnails","has-product-nav"],"_links":{"self":[{"href":"https:\/\/es.fundacioepisteme.cat\/congreso\/wp-json\/wp\/v2\/pages\/89","targetHints":{"allow":["GET"]}}],"collection":[{"href":"https:\/\/es.fundacioepisteme.cat\/congreso\/wp-json\/wp\/v2\/pages"}],"about":[{"href":"https:\/\/es.fundacioepisteme.cat\/congreso\/wp-json\/wp\/v2\/types\/page"}],"author":[{"embeddable":true,"href":"https:\/\/es.fundacioepisteme.cat\/congreso\/wp-json\/wp\/v2\/users\/1"}],"replies":[{"embeddable":true,"href":"https:\/\/es.fundacioepisteme.cat\/congreso\/wp-json\/wp\/v2\/comments?post=89"}],"version-history":[{"count":96,"href":"https:\/\/es.fundacioepisteme.cat\/congreso\/wp-json\/wp\/v2\/pages\/89\/revisions"}],"predecessor-version":[{"id":2035,"href":"https:\/\/es.fundacioepisteme.cat\/congreso\/wp-json\/wp\/v2\/pages\/89\/revisions\/2035"}],"wp:attachment":[{"href":"https:\/\/es.fundacioepisteme.cat\/congreso\/wp-json\/wp\/v2\/media?parent=89"}],"curies":[{"name":"wp","href":"https:\/\/api.w.org\/{rel}","templated":true}]}}