{"id":84,"date":"2022-09-16T18:57:48","date_gmt":"2022-09-16T16:57:48","guid":{"rendered":"https:\/\/fundacioepisteme.cat\/congres\/?page_id=84"},"modified":"2026-01-27T17:48:56","modified_gmt":"2026-01-27T16:48:56","slug":"presentacio","status":"publish","type":"page","link":"https:\/\/es.fundacioepisteme.cat\/forum2026\/presentacio\/","title":{"rendered":"Presentaci\u00f3"},"content":{"rendered":"\t\t<div data-elementor-type=\"wp-page\" data-elementor-id=\"84\" class=\"elementor elementor-84\" data-elementor-post-type=\"page\">\n\t\t\t\t\t\t<section class=\"elementor-section elementor-top-section elementor-element elementor-element-f0fbb07 elementor-section-stretched elementor-section-height-min-height elementor-section-boxed elementor-section-height-default elementor-section-items-middle\" data-id=\"f0fbb07\" data-element_type=\"section\" data-e-type=\"section\" data-settings=\"{&quot;stretch_section&quot;:&quot;section-stretched&quot;,&quot;background_background&quot;:&quot;classic&quot;}\">\n\t\t\t\t\t\t<div class=\"elementor-container elementor-column-gap-no\">\n\t\t\t\t\t<div class=\"elementor-column elementor-col-100 elementor-top-column elementor-element elementor-element-ccf9b99\" data-id=\"ccf9b99\" data-element_type=\"column\" data-e-type=\"column\">\n\t\t\t<div class=\"elementor-widget-wrap elementor-element-populated\">\n\t\t\t\t\t\t<div class=\"elementor-element elementor-element-3d48e3f elementor-widget elementor-widget-video\" data-id=\"3d48e3f\" data-element_type=\"widget\" data-e-type=\"widget\" data-settings=\"{&quot;youtube_url&quot;:&quot;https:\\\/\\\/youtu.be\\\/qdJMHcuSnXk&quot;,&quot;autoplay&quot;:&quot;yes&quot;,&quot;play_on_mobile&quot;:&quot;yes&quot;,&quot;loop&quot;:&quot;yes&quot;,&quot;video_type&quot;:&quot;youtube&quot;,&quot;controls&quot;:&quot;yes&quot;}\" data-widget_type=\"video.default\">\n\t\t\t\t<div class=\"elementor-widget-container\">\n\t\t\t\t\t\t\t<div class=\"elementor-wrapper elementor-open-inline\">\n\t\t\t<div class=\"elementor-video\"><\/div>\t\t<\/div>\n\t\t\t\t\t\t<\/div>\n\t\t\t\t<\/div>\n\t\t\t\t\t<\/div>\n\t\t<\/div>\n\t\t\t\t\t<\/div>\n\t\t<\/section>\n\t\t\t\t<section class=\"elementor-section elementor-top-section elementor-element elementor-element-5d8489c2 elementor-section-content-top elementor-section-stretched elementor-section-boxed elementor-section-height-default elementor-section-height-default\" data-id=\"5d8489c2\" data-element_type=\"section\" data-e-type=\"section\" data-settings=\"{&quot;stretch_section&quot;:&quot;section-stretched&quot;}\">\n\t\t\t\t\t\t\t<div class=\"elementor-background-overlay\"><\/div>\n\t\t\t\t\t\t\t<div class=\"elementor-container elementor-column-gap-no\">\n\t\t\t\t\t<div class=\"elementor-column elementor-col-50 elementor-top-column elementor-element elementor-element-42791e2\" data-id=\"42791e2\" data-element_type=\"column\" data-e-type=\"column\">\n\t\t\t<div class=\"elementor-widget-wrap elementor-element-populated\">\n\t\t\t\t\t\t<div class=\"elementor-element elementor-element-737eaf7 elementor-widget elementor-widget-heading\" data-id=\"737eaf7\" data-element_type=\"widget\" data-e-type=\"widget\" data-widget_type=\"heading.default\">\n\t\t\t\t<div class=\"elementor-widget-container\">\n\t\t\t\t\t<h1 class=\"elementor-heading-title elementor-size-small\">PRESENTACI\u00d3N<\/h1>\t\t\t\t<\/div>\n\t\t\t\t<\/div>\n\t\t\t\t<div class=\"elementor-element elementor-element-66e5d22 elementor-widget elementor-widget-text-editor\" data-id=\"66e5d22\" data-element_type=\"widget\" data-e-type=\"widget\" data-widget_type=\"text-editor.default\">\n\t\t\t\t<div class=\"elementor-widget-container\">\n\t\t\t\t\t\t\t\t\t<p>La Fundaci\u00f3n Episteme organiza el <strong>I F\u00f3rum de Acad\u00e9micos por las Evidencias Educativas<\/strong> destinado a analizar y a transmitir qu\u00e9 nos dicen los datos, los resultados, la experiencia docente y la investigaci\u00f3n emp\u00edrica frente a determinados modelos educativos.\u00a0<\/p><p>Con el t\u00edtulo\u00a0<strong>\u201cEuropa y su legado: Ciencia, Humanidades y Educaci\u00f3n<\/strong>\u201d el encuentro contar\u00e1 con cuatro ponencias de expertos a cargo del exministro de Educaci\u00f3n y Ciencia de Portugal (2011-2015) <strong>Nuno Crato<\/strong>, la Profesora Titular de Teor\u00eda de la Educaci\u00f3n en el Departamento de Pedagog\u00eda de la Universidad Aut\u00f3noma de Madrid <strong>Bianca Thoilliez<\/strong>, el doctor en Ciencias F\u00edsicas, docente y expresidente del Consejo Escolar del Estado <strong>Francisco L\u00f3pez Rup\u00e9rez<\/strong> y el inspector de Educaci\u00f3n IB y profesor de la UIB <strong>Miguel \u00c1ngel Tirado<\/strong>.\u00a0<\/p><p>La sesi\u00f3n se completar\u00e1 con dos mesas de an\u00e1lisis posteriores. La primera estar\u00e1 formada por el secretario general del sindicato Profesores de Secundaria <strong>Ignasi Fern\u00e1ndez Daroca<\/strong> y los profesores <strong>David Rabad\u00e0, Otilia Dan <\/strong>y<strong> Jordi Os\u00faa<\/strong>, bajo moderaci\u00f3n de <strong>Eva Serra<\/strong>. La segunda correr\u00e1 a cargo de los profesores <strong>Aurora Trigo, Antoni Hern\u00e1ndez-Fern\u00e1ndez, Ramon Casals<\/strong> y la responsable de la plataforma de familias, <strong>Dori Huertas<\/strong>, bajo moderaci\u00f3n de <strong>Xavier Mass\u00f3<\/strong>. El acto contar\u00e1 con las presentaciones de <strong>Felipe de Vicente <\/strong>y<strong> Josep Ot\u00f3n<\/strong>.<\/p><p>La <strong>Fundaci\u00f3n\u00a0Episteme<\/strong> comienza as\u00ed el primer gran encuentro presencial de un nuevo ciclo destinado a transmitir las evidencias educativas como herramientas fundamentales para dise\u00f1ar sistemas educativos contrastados. Dirigido a docentes, familias y autoridades educativas, el<strong>\u00a0F\u00f3rum de Acad\u00e9micos por las Evidencias Educativas<\/strong> nace como respuesta de la sociedad civil frente a una imperiosa necesidad de recomponer los est\u00e1ndares educativos desde la responsabilidad compartida, donde todos los actores son decisivos. El formato, dise\u00f1ado en clave positiva propone una inspiraci\u00f3n hacia la cultura cl\u00e1sica a trav\u00e9s de la gran obra del autor renacentista florentino<strong> Sandro Botticelli, <em>La primavera<\/em><\/strong>, apelando al renacer del conocimiento como sost\u00e9n de los valores para un nuevo orden europeo.<\/p><p>Este primer encuentro dota de continuidad al espacio telem\u00e1tico <em><strong>F\u00f3rum Episteme<\/strong><\/em> -activo desde 2020- y al digital <strong><em>Educational Evidence<\/em><\/strong>, creado en 2024. Este acto cuenta con la colaboraci\u00f3n del sindicato de Profesores de Secundaria (aspepc\u00b7sps), la Asociaci\u00f3n de Catedr\u00e1ticos (ACESC) y el digital <em>Educational\u00a0Evidence<\/em>.<\/p>\t\t\t\t\t\t\t\t<\/div>\n\t\t\t\t<\/div>\n\t\t\t\t\t<\/div>\n\t\t<\/div>\n\t\t\t\t<div class=\"elementor-column elementor-col-50 elementor-top-column elementor-element elementor-element-8e12b3e\" data-id=\"8e12b3e\" data-element_type=\"column\" data-e-type=\"column\">\n\t\t\t<div class=\"elementor-widget-wrap\">\n\t\t\t\t\t\t\t<\/div>\n\t\t<\/div>\n\t\t\t\t\t<\/div>\n\t\t<\/section>\n\t\t\t\t<section class=\"elementor-section elementor-top-section elementor-element elementor-element-436d3c51 elementor-section-boxed elementor-section-height-default elementor-section-height-default\" data-id=\"436d3c51\" data-element_type=\"section\" data-e-type=\"section\">\n\t\t\t\t\t\t<div class=\"elementor-container elementor-column-gap-default\">\n\t\t\t\t\t<div class=\"elementor-column elementor-col-100 elementor-top-column elementor-element elementor-element-3c4a89b3\" data-id=\"3c4a89b3\" data-element_type=\"column\" data-e-type=\"column\">\n\t\t\t<div class=\"elementor-widget-wrap elementor-element-populated\">\n\t\t\t\t\t\t<div class=\"elementor-element elementor-element-3801fc74 elementor-share-buttons--view-icon elementor-share-buttons--shape-circle elementor-share-buttons--skin-gradient elementor-grid-0 elementor-share-buttons--color-official elementor-widget elementor-widget-share-buttons\" data-id=\"3801fc74\" data-element_type=\"widget\" data-e-type=\"widget\" data-widget_type=\"share-buttons.default\">\n\t\t\t\t<div class=\"elementor-widget-container\">\n\t\t\t\t\t\t\t<div class=\"elementor-grid\" role=\"list\">\n\t\t\t\t\t\t\t\t<div class=\"elementor-grid-item\" role=\"listitem\">\n\t\t\t\t\t\t<div class=\"elementor-share-btn elementor-share-btn_facebook\" role=\"button\" tabindex=\"0\" aria-label=\"Compartir en facebook\">\n\t\t\t\t\t\t\t\t\t\t\t\t\t\t\t<span class=\"elementor-share-btn__icon\">\n\t\t\t\t\t\t\t\t<i class=\"fab fa-facebook\" aria-hidden=\"true\"><\/i>\t\t\t\t\t\t\t<\/span>\n\t\t\t\t\t\t\t\t\t\t\t\t\t\t\t\t\t\t\t\t<\/div>\n\t\t\t\t\t<\/div>\n\t\t\t\t\t\t\t\t\t<div class=\"elementor-grid-item\" role=\"listitem\">\n\t\t\t\t\t\t<div class=\"elementor-share-btn elementor-share-btn_twitter\" role=\"button\" tabindex=\"0\" aria-label=\"Compartir en twitter\">\n\t\t\t\t\t\t\t\t\t\t\t\t\t\t\t<span class=\"elementor-share-btn__icon\">\n\t\t\t\t\t\t\t\t<i class=\"fab fa-twitter\" aria-hidden=\"true\"><\/i>\t\t\t\t\t\t\t<\/span>\n\t\t\t\t\t\t\t\t\t\t\t\t\t\t\t\t\t\t\t\t<\/div>\n\t\t\t\t\t<\/div>\n\t\t\t\t\t\t<\/div>\n\t\t\t\t\t\t<\/div>\n\t\t\t\t<\/div>\n\t\t\t\t\t<\/div>\n\t\t<\/div>\n\t\t\t\t\t<\/div>\n\t\t<\/section>\n\t\t\t\t<\/div>\n\t\t","protected":false},"excerpt":{"rendered":"<p>PRESENTACI\u00d3N La Fundaci\u00f3n Episteme organiza el I F\u00f3rum de Acad\u00e9micos por las Evidencias Educativas destinado a analizar y a transmitir qu\u00e9 nos dicen los datos, los resultados, la experiencia docente y la investigaci\u00f3n emp\u00edrica frente a determinados modelos educativos.\u00a0 Con el t\u00edtulo\u00a0\u201cEuropa y su legado: Ciencia, Humanidades y Educaci\u00f3n\u201d el encuentro contar\u00e1 con cuatro ponencias [&hellip;]<\/p>\n","protected":false},"author":1,"featured_media":0,"parent":0,"menu_order":0,"comment_status":"open","ping_status":"closed","template":"","meta":{"ocean_post_layout":"","ocean_both_sidebars_style":"","ocean_both_sidebars_content_width":0,"ocean_both_sidebars_sidebars_width":0,"ocean_sidebar":"0","ocean_second_sidebar":"0","ocean_disable_margins":"enable","ocean_add_body_class":"","ocean_shortcode_before_top_bar":"","ocean_shortcode_after_top_bar":"","ocean_shortcode_before_header":"","ocean_shortcode_after_header":"","ocean_has_shortcode":"","ocean_shortcode_after_title":"","ocean_shortcode_before_footer_widgets":"","ocean_shortcode_after_footer_widgets":"","ocean_shortcode_before_footer_bottom":"","ocean_shortcode_after_footer_bottom":"","ocean_display_top_bar":"default","ocean_display_header":"default","ocean_header_style":"","ocean_center_header_left_menu":"0","ocean_custom_header_template":"0","ocean_custom_logo":0,"ocean_custom_retina_logo":0,"ocean_custom_logo_max_width":0,"ocean_custom_logo_tablet_max_width":0,"ocean_custom_logo_mobile_max_width":0,"ocean_custom_logo_max_height":0,"ocean_custom_logo_tablet_max_height":0,"ocean_custom_logo_mobile_max_height":0,"ocean_header_custom_menu":"0","ocean_menu_typo_font_family":"0","ocean_menu_typo_font_subset":"","ocean_menu_typo_font_size":0,"ocean_menu_typo_font_size_tablet":0,"ocean_menu_typo_font_size_mobile":0,"ocean_menu_typo_font_size_unit":"px","ocean_menu_typo_font_weight":"","ocean_menu_typo_font_weight_tablet":"","ocean_menu_typo_font_weight_mobile":"","ocean_menu_typo_transform":"","ocean_menu_typo_transform_tablet":"","ocean_menu_typo_transform_mobile":"","ocean_menu_typo_line_height":0,"ocean_menu_typo_line_height_tablet":0,"ocean_menu_typo_line_height_mobile":0,"ocean_menu_typo_line_height_unit":"","ocean_menu_typo_spacing":0,"ocean_menu_typo_spacing_tablet":0,"ocean_menu_typo_spacing_mobile":0,"ocean_menu_typo_spacing_unit":"","ocean_menu_link_color":"","ocean_menu_link_color_hover":"","ocean_menu_link_color_active":"","ocean_menu_link_background":"","ocean_menu_link_hover_background":"","ocean_menu_link_active_background":"","ocean_menu_social_links_bg":"","ocean_menu_social_hover_links_bg":"","ocean_menu_social_links_color":"","ocean_menu_social_hover_links_color":"","ocean_disable_title":"on","ocean_disable_heading":"default","ocean_post_title":"","ocean_post_subheading":"","ocean_post_title_style":"","ocean_post_title_background_color":"","ocean_post_title_background":0,"ocean_post_title_bg_image_position":"","ocean_post_title_bg_image_attachment":"","ocean_post_title_bg_image_repeat":"","ocean_post_title_bg_image_size":"","ocean_post_title_height":0,"ocean_post_title_bg_overlay":0.5,"ocean_post_title_bg_overlay_color":"","ocean_disable_breadcrumbs":"default","ocean_breadcrumbs_color":"","ocean_breadcrumbs_separator_color":"","ocean_breadcrumbs_links_color":"","ocean_breadcrumbs_links_hover_color":"","ocean_display_footer_widgets":"off","ocean_display_footer_bottom":"off","ocean_custom_footer_template":"0","footnotes":""},"class_list":["post-84","page","type-page","status-publish","hentry","entry","owp-thumbs-layout-horizontal","owp-btn-normal","owp-tabs-layout-horizontal","has-no-thumbnails","has-product-nav"],"_links":{"self":[{"href":"https:\/\/es.fundacioepisteme.cat\/forum2026\/wp-json\/wp\/v2\/pages\/84","targetHints":{"allow":["GET"]}}],"collection":[{"href":"https:\/\/es.fundacioepisteme.cat\/forum2026\/wp-json\/wp\/v2\/pages"}],"about":[{"href":"https:\/\/es.fundacioepisteme.cat\/forum2026\/wp-json\/wp\/v2\/types\/page"}],"author":[{"embeddable":true,"href":"https:\/\/es.fundacioepisteme.cat\/forum2026\/wp-json\/wp\/v2\/users\/1"}],"replies":[{"embeddable":true,"href":"https:\/\/es.fundacioepisteme.cat\/forum2026\/wp-json\/wp\/v2\/comments?post=84"}],"version-history":[{"count":74,"href":"https:\/\/es.fundacioepisteme.cat\/forum2026\/wp-json\/wp\/v2\/pages\/84\/revisions"}],"predecessor-version":[{"id":3478,"href":"https:\/\/es.fundacioepisteme.cat\/forum2026\/wp-json\/wp\/v2\/pages\/84\/revisions\/3478"}],"wp:attachment":[{"href":"https:\/\/es.fundacioepisteme.cat\/forum2026\/wp-json\/wp\/v2\/media?parent=84"}],"curies":[{"name":"wp","href":"https:\/\/api.w.org\/{rel}","templated":true}]}}