{"id":2936,"date":"2024-02-20T19:57:25","date_gmt":"2024-02-20T18:57:25","guid":{"rendered":"https:\/\/fundacioepisteme.cat\/congres\/?post_type=product&#038;p=2936"},"modified":"2026-01-28T13:08:09","modified_gmt":"2026-01-28T12:08:09","slug":"fila-0-iii-congreso-de-expertos-docentes-la-educacion-sin-pulso-que-hacer-tras-pisa","status":"publish","type":"product","link":"https:\/\/es.fundacioepisteme.cat\/forum2026\/producto\/fila-0-iii-congreso-de-expertos-docentes-la-educacion-sin-pulso-que-hacer-tras-pisa\/","title":{"rendered":"Fila 0: I F\u00d3RUM DE ACAD\u00c9MICOS POR LAS EVIDENCIAS EDUCATIVAS \u00abEuropa y su legado: Ciencia, Humanidades y Educaci\u00f3n\u00bb"},"content":{"rendered":"<p>I F\u00d3RUM DE ACAD\u00c9MICOS POR LAS EVIDENCIAS EDUCATIVAS<\/p>\n<p>\u00abEuropa y su legado: Ciencia, Humanidades y Educaci\u00f3n\u00bb<\/p>\n<p><span style=\"text-decoration: underline;\">DONACIONES FILA 0<\/span><\/p>\n<p><strong>Muchas gracias por contribuir al objetivo de reivindicar una educaci\u00f3n de calidad. Con tu aportaci\u00f3n conseguimos llegar m\u00e1s lejos.<\/strong><\/p>\n","protected":false},"excerpt":{"rendered":"<p>I F\u00d3RUM DE ACAD\u00c9MICOS POR LAS EVIDENCIAS EDUCATIVAS \u00abEuropa y su legado: Ciencia, Humanidades y Educaci\u00f3n\u00bb DONACIONES FILA 0 Muchas gracias por contribuir al objetivo de reivindicar una educaci\u00f3n de calidad. Con tu aportaci\u00f3n conseguimos llegar m\u00e1s lejos.<\/p>\n","protected":false},"featured_media":3218,"comment_status":"open","ping_status":"closed","template":"","meta":{"ocean_post_layout":"","ocean_both_sidebars_style":"","ocean_both_sidebars_content_width":0,"ocean_both_sidebars_sidebars_width":0,"ocean_sidebar":"0","ocean_second_sidebar":"0","ocean_disable_margins":"enable","ocean_add_body_class":"","ocean_shortcode_before_top_bar":"","ocean_shortcode_after_top_bar":"","ocean_shortcode_before_header":"","ocean_shortcode_after_header":"","ocean_has_shortcode":"","ocean_shortcode_after_title":"","ocean_shortcode_before_footer_widgets":"","ocean_shortcode_after_footer_widgets":"","ocean_shortcode_before_footer_bottom":"","ocean_shortcode_after_footer_bottom":"","ocean_display_top_bar":"on","ocean_display_header":"on","ocean_header_style":"","ocean_center_header_left_menu":"0","ocean_custom_header_template":"0","ocean_custom_logo":0,"ocean_custom_retina_logo":0,"ocean_custom_logo_max_width":0,"ocean_custom_logo_tablet_max_width":0,"ocean_custom_logo_mobile_max_width":0,"ocean_custom_logo_max_height":0,"ocean_custom_logo_tablet_max_height":0,"ocean_custom_logo_mobile_max_height":0,"ocean_header_custom_menu":"0","ocean_menu_typo_font_family":"0","ocean_menu_typo_font_subset":"","ocean_menu_typo_font_size":0,"ocean_menu_typo_font_size_tablet":0,"ocean_menu_typo_font_size_mobile":0,"ocean_menu_typo_font_size_unit":"px","ocean_menu_typo_font_weight":"","ocean_menu_typo_font_weight_tablet":"","ocean_menu_typo_font_weight_mobile":"","ocean_menu_typo_transform":"","ocean_menu_typo_transform_tablet":"","ocean_menu_typo_transform_mobile":"","ocean_menu_typo_line_height":0,"ocean_menu_typo_line_height_tablet":0,"ocean_menu_typo_line_height_mobile":0,"ocean_menu_typo_line_height_unit":"","ocean_menu_typo_spacing":0,"ocean_menu_typo_spacing_tablet":0,"ocean_menu_typo_spacing_mobile":0,"ocean_menu_typo_spacing_unit":"","ocean_menu_link_color":"","ocean_menu_link_color_hover":"","ocean_menu_link_color_active":"","ocean_menu_link_background":"","ocean_menu_link_hover_background":"","ocean_menu_link_active_background":"","ocean_menu_social_links_bg":"","ocean_menu_social_hover_links_bg":"","ocean_menu_social_links_color":"","ocean_menu_social_hover_links_color":"","ocean_disable_title":"on","ocean_disable_heading":"default","ocean_post_title":"","ocean_post_subheading":"","ocean_post_title_style":"","ocean_post_title_background_color":"","ocean_post_title_background":0,"ocean_post_title_bg_image_position":"","ocean_post_title_bg_image_attachment":"","ocean_post_title_bg_image_repeat":"","ocean_post_title_bg_image_size":"","ocean_post_title_height":0,"ocean_post_title_bg_overlay":0.5,"ocean_post_title_bg_overlay_color":"","ocean_disable_breadcrumbs":"off","ocean_breadcrumbs_color":"","ocean_breadcrumbs_separator_color":"","ocean_breadcrumbs_links_color":"","ocean_breadcrumbs_links_hover_color":"","ocean_display_footer_widgets":"off","ocean_display_footer_bottom":"off","ocean_custom_footer_template":"0"},"product_brand":[],"product_cat":[49],"product_tag":[],"class_list":{"0":"post-2936","1":"product","2":"type-product","3":"status-publish","4":"has-post-thumbnail","6":"product_cat-fila-0","8":"entry","9":"has-media","11":"first","12":"instock","13":"virtual","14":"purchasable","15":"product-type-simple","16":"has-product-nav","17":"col","18":"span_1_of_3","19":"owp-content-center","20":"owp-thumbs-layout-horizontal","21":"owp-btn-normal","22":"owp-tabs-layout-horizontal","23":"has-no-thumbnails"},"_links":{"self":[{"href":"https:\/\/es.fundacioepisteme.cat\/forum2026\/wp-json\/wp\/v2\/product\/2936","targetHints":{"allow":["GET"]}}],"collection":[{"href":"https:\/\/es.fundacioepisteme.cat\/forum2026\/wp-json\/wp\/v2\/product"}],"about":[{"href":"https:\/\/es.fundacioepisteme.cat\/forum2026\/wp-json\/wp\/v2\/types\/product"}],"replies":[{"embeddable":true,"href":"https:\/\/es.fundacioepisteme.cat\/forum2026\/wp-json\/wp\/v2\/comments?post=2936"}],"wp:featuredmedia":[{"embeddable":true,"href":"https:\/\/es.fundacioepisteme.cat\/forum2026\/wp-json\/wp\/v2\/media\/3218"}],"wp:attachment":[{"href":"https:\/\/es.fundacioepisteme.cat\/forum2026\/wp-json\/wp\/v2\/media?parent=2936"}],"wp:term":[{"taxonomy":"product_brand","embeddable":true,"href":"https:\/\/es.fundacioepisteme.cat\/forum2026\/wp-json\/wp\/v2\/product_brand?post=2936"},{"taxonomy":"product_cat","embeddable":true,"href":"https:\/\/es.fundacioepisteme.cat\/forum2026\/wp-json\/wp\/v2\/product_cat?post=2936"},{"taxonomy":"product_tag","embeddable":true,"href":"https:\/\/es.fundacioepisteme.cat\/forum2026\/wp-json\/wp\/v2\/product_tag?post=2936"}],"curies":[{"name":"wp","href":"https:\/\/api.w.org\/{rel}","templated":true}]}}